{"id":2413,"date":"2019-12-11T13:28:37","date_gmt":"2019-12-11T13:28:37","guid":{"rendered":"http:\/\/bambini-box.de\/?post_type=product&#038;p=2413"},"modified":"2022-04-18T18:39:18","modified_gmt":"2022-04-18T18:39:18","slug":"bambini-boxen-set-i-mit-getraenk","status":"publish","type":"product","link":"https:\/\/bambini-box.de\/en\/product\/bambini-boxen-set-i-mit-getraenk\/","title":{"rendered":"Bambini-Boxen Set I &#8211; MIT GETR\u00c4NK"},"content":{"rendered":"<p>&nbsp;<\/p>\n<ul>\n<li>(Ma\u00dfe Bambini-Box: 205 x 135 x 120mm, Ma\u00dfe Snackbox: 130 x 95 x 60mm)<\/li>\n<li>Vollst\u00e4ndige Men\u00fcbox mit Spielzeug, Luftballon, Getr\u00e4nk (FruchtTiger, 0,25l) und Mini-Dauerlutscher (mit Papierstiel, 30 % zuckerreduziert) (zzgl. 0,25 Euro Pfand je Flasche, Rechnung erfolgt gesondert)<\/li>\n<li>Circa 50% der Spielzeuge sind f\u00fcr M\u00e4dchen und 50% f\u00fcr Jungs geeignet, einige sind Unisex und wechseln regelm\u00e4\u00dfig<\/li>\n<li>Werten Sie Ihr gastronomisches Angebot auf und steigern Ihren Gewinn<\/li>\n<li>Eigenst\u00e4ndiges Angebot f\u00fcr z.B. Kindergeburtstage, Events, Aktionen etc.<\/li>\n<li>Kinder verbinden das gute Essen Ihres Restaurants mit Spielspa\u00df und einem positiven Erlebnis<\/li>\n<li>zzgl. 5 cellophanierte Tisch\/Platzsets und 2 Plakate f\u00fcr die Bewerbung der Bambini-Box mit individueller Preisgestaltung!<\/li>\n<li>mindestens 2 wechselnde Motive pro Jahr<\/li>\n<li>F\u00fcllen Sie die Snackbox mit Ihren leckeren Burgern, D\u00f6ner-Fleisch, Pommes-Frites, Chicken-Nuggets, Salaten, Obst, Gem\u00fcse, oder Quarkb\u00e4llchen, Spekulatius, Nussecken, Muffins etc.<\/li>\n<li>Die Lebensmittelbox wurde nach INREKA Zertifizierungsstandard hergestellt.<\/li>\n<li>Der angegebene Preis enth\u00e4lt keine Entsorgungskosten.<\/li>\n<\/ul>\n<p>&nbsp;<\/p>","protected":false},"excerpt":{"rendered":"<p>Vollst\u00e4ndige Men\u00fcbox mit Spielzeug, Luftballon, Getr\u00e4nk und Mini-Dauerlutscher<\/p>","protected":false},"featured_media":4147,"template":"","meta":[],"product_brand":[],"product_cat":[42],"product_tag":[43,44],"class_list":{"0":"post-2413","1":"product","2":"type-product","3":"status-publish","4":"has-post-thumbnail","6":"product_cat-boxen-sets","7":"product_tag-bambini-box","8":"product_tag-boxen-sets","10":"first","11":"outofstock","12":"taxable","13":"shipping-taxable","14":"purchasable","15":"product-type-simple"},"_links":{"self":[{"href":"https:\/\/bambini-box.de\/en\/wp-json\/wp\/v2\/product\/2413","targetHints":{"allow":["GET"]}}],"collection":[{"href":"https:\/\/bambini-box.de\/en\/wp-json\/wp\/v2\/product"}],"about":[{"href":"https:\/\/bambini-box.de\/en\/wp-json\/wp\/v2\/types\/product"}],"version-history":[{"count":9,"href":"https:\/\/bambini-box.de\/en\/wp-json\/wp\/v2\/product\/2413\/revisions"}],"predecessor-version":[{"id":4898,"href":"https:\/\/bambini-box.de\/en\/wp-json\/wp\/v2\/product\/2413\/revisions\/4898"}],"wp:featuredmedia":[{"embeddable":true,"href":"https:\/\/bambini-box.de\/en\/wp-json\/wp\/v2\/media\/4147"}],"wp:attachment":[{"href":"https:\/\/bambini-box.de\/en\/wp-json\/wp\/v2\/media?parent=2413"}],"wp:term":[{"taxonomy":"product_brand","embeddable":true,"href":"https:\/\/bambini-box.de\/en\/wp-json\/wp\/v2\/product_brand?post=2413"},{"taxonomy":"product_cat","embeddable":true,"href":"https:\/\/bambini-box.de\/en\/wp-json\/wp\/v2\/product_cat?post=2413"},{"taxonomy":"product_tag","embeddable":true,"href":"https:\/\/bambini-box.de\/en\/wp-json\/wp\/v2\/product_tag?post=2413"}],"curies":[{"name":"wp","href":"https:\/\/api.w.org\/{rel}","templated":true}]}}