{"id":4788,"date":"2021-12-16T12:20:34","date_gmt":"2021-12-16T12:20:34","guid":{"rendered":"https:\/\/bambini-box.de\/?post_type=product&#038;p=4788"},"modified":"2022-04-21T11:53:08","modified_gmt":"2022-04-21T11:53:08","slug":"bambini-boxen-set-v-mit-getraenk-meine-pause","status":"publish","type":"product","link":"https:\/\/bambini-box.de\/en\/product\/bambini-boxen-set-v-mit-getraenk-meine-pause\/","title":{"rendered":"Bambini-Boxen Set V &#8211; MIT GETR\u00c4NK (Meine Pause)"},"content":{"rendered":"<p>&nbsp;<\/p>\n<ul>\n<li>(Ma\u00dfe Bambini-Box: NUR Lunchbox 205 x 135 x 120mm)<\/li>\n<li>Vollst\u00e4ndige Men\u00fcbox mit Spielzeug, Luftballon, Getr\u00e4nk (Meine Pause, 0,25l) und Mini-Dauerlutscher.<\/li>\n<li>Meine Pause&#8220; besteht aus fettarmer Milch, ultrahocherhitzt., 1,5% Fett im Milchanteil! 3 Geschmacksorten Erdbeere, Schokolade und Vanille (KEIN PFAND)<\/li>\n<li>Circa 50% der Spielzeuge sind f\u00fcr M\u00e4dchen und 50% f\u00fcr Jungs geeignet, einige sind Unisex und wechseln regelm\u00e4\u00dfig<\/li>\n<li>Werten Sie Ihr gastronomisches Angebot auf und steigern Ihren Gewinn<\/li>\n<li>Eigenst\u00e4ndiges Angebot f\u00fcr z.B. Kindergeburtstage, Events, Aktionen etc.<\/li>\n<li>Kinder verbinden das gute Essen Ihres Restaurants mit Spielspa\u00df und einem positiven Erlebnis und bestellen wieder!<\/li>\n<li>zzgl. 2 Plakate f\u00fcr die Bewerbung der Bambini-Box mit individueller Preisgestaltung!<\/li>\n<li>zzgl. 10 Malb\u00fccher mit den Motiven der Bambini-Box (solange vorr\u00e4tig)<\/li>\n<li>2 wechselnde Motive pro Jahr<\/li>\n<li>Verpacken Sie Ihre leckeren Burger, D\u00f6ner-Fleisch, Pommes-Frites, Chicken-Nuggets, Salaten, frischem Obst, Gem\u00fcse, oder Quarkb\u00e4llchen, Spekulatius, Nussecken, Muffins etc.<\/li>\n<li>Die Lebensmittelbox wurde nach INREKA Zertifizierungsstandard hergestellt.<\/li>\n<li>Der angegebene Preis enth\u00e4lt keine Entsorgungskosten.<\/li>\n<\/ul>\n<p>&nbsp;<\/p>","protected":false},"excerpt":{"rendered":"<p>Vollst\u00e4ndige Men\u00fcbox mit Spielzeug, bedrucktem Luftballon, Getr\u00e4nk und Mini-Dauerlutscher<\/p>","protected":false},"featured_media":4792,"template":"","meta":[],"product_brand":[],"product_cat":[42],"product_tag":[43,44],"class_list":{"0":"post-4788","1":"product","2":"type-product","3":"status-publish","4":"has-post-thumbnail","6":"product_cat-boxen-sets","7":"product_tag-bambini-box","8":"product_tag-boxen-sets","10":"first","11":"instock","12":"taxable","13":"shipping-taxable","14":"purchasable","15":"product-type-simple"},"_links":{"self":[{"href":"https:\/\/bambini-box.de\/en\/wp-json\/wp\/v2\/product\/4788","targetHints":{"allow":["GET"]}}],"collection":[{"href":"https:\/\/bambini-box.de\/en\/wp-json\/wp\/v2\/product"}],"about":[{"href":"https:\/\/bambini-box.de\/en\/wp-json\/wp\/v2\/types\/product"}],"version-history":[{"count":6,"href":"https:\/\/bambini-box.de\/en\/wp-json\/wp\/v2\/product\/4788\/revisions"}],"predecessor-version":[{"id":4796,"href":"https:\/\/bambini-box.de\/en\/wp-json\/wp\/v2\/product\/4788\/revisions\/4796"}],"wp:featuredmedia":[{"embeddable":true,"href":"https:\/\/bambini-box.de\/en\/wp-json\/wp\/v2\/media\/4792"}],"wp:attachment":[{"href":"https:\/\/bambini-box.de\/en\/wp-json\/wp\/v2\/media?parent=4788"}],"wp:term":[{"taxonomy":"product_brand","embeddable":true,"href":"https:\/\/bambini-box.de\/en\/wp-json\/wp\/v2\/product_brand?post=4788"},{"taxonomy":"product_cat","embeddable":true,"href":"https:\/\/bambini-box.de\/en\/wp-json\/wp\/v2\/product_cat?post=4788"},{"taxonomy":"product_tag","embeddable":true,"href":"https:\/\/bambini-box.de\/en\/wp-json\/wp\/v2\/product_tag?post=4788"}],"curies":[{"name":"wp","href":"https:\/\/api.w.org\/{rel}","templated":true}]}}