{"id":2264,"date":"2019-12-10T17:03:38","date_gmt":"2019-12-10T17:03:38","guid":{"rendered":"http:\/\/bambini-box.de\/bezahlmoeglichkeiten\/"},"modified":"2019-12-10T17:03:38","modified_gmt":"2019-12-10T17:03:38","slug":"bezahlmoeglichkeiten","status":"publish","type":"page","link":"https:\/\/bambini-box.de\/tr\/bezahlmoeglichkeiten\/","title":{"rendered":"Zahlungsarten"},"content":{"rendered":"<div class=\"woocommerce woocommerce-gzd\">\n\t<ul class=\"payment_methods methods\">\n\t\t\t\t\t<li class=\"payment_method_bacs\">\n\t\t\t\t<label>\u00d6n \u00d6deme<\/label>\n\t\t\t\t\t\t\t\t\t<div class=\"payment_box payment_method_bacs\">\n\t\t\t\t\t\t<p>Do\u011frudan banka hesab\u0131m\u0131za transfer edin. L\u00fctfen \u00f6deme nedeni olarak sipari\u015f numaras\u0131n\u0131 kullan\u0131n. Sipari\u015finiz ancak para hesab\u0131m\u0131za yat\u0131r\u0131ld\u0131ktan sonra g\u00f6nderilecektir.<\/p>\n\t\t\t\t\t<\/div>\n\t\t\t\t\t\t\t<\/li>\n\t\t\t\t\t<li class=\"payment_method_paypal\">\n\t\t\t\t<label>PayPal<img decoding=\"async\" src=\"https:\/\/bambini-box.de\/wp-content\/plugins\/woocommerce\/includes\/gateways\/paypal\/assets\/images\/paypal.png\" alt=\"PayPal kabul i\u015fareti\" data-no-translation-alt=\"\" \/><a href=\"https:\/\/www.paypal.com\/de\/webapps\/mpp\/paypal-popup\" class=\"about_paypal\" data-no-translation=\"\" data-trp-gettext=\"\">PayPal nedir?<\/a><\/label>\n\t\t\t\t\t\t\t\t\t<div class=\"payment_box payment_method_paypal\">\n\t\t\t\t\t\t<p>Paypal ile \u00f6deme yap\u0131n. Paypal hesab\u0131n\u0131z yoksa kredi kart\u0131n\u0131zla da \u00f6deme yapabilirsiniz.<\/p>\n\t\t\t\t\t<\/div>\n\t\t\t\t\t\t\t<\/li>\n\t\t\t\t\t<li class=\"payment_method_direct-debit\">\n\t\t\t\t<label>Lastschrift<\/label>\n\t\t\t\t\t\t\t\t\t<div class=\"payment_box payment_method_direct-debit\">\n\t\t\t\t\t\t<p>Der Gesamtbestellbetrag wird per SEPA-Lastschrift direkt von deinem Konto abgebucht.<\/p>\n\t\t\t\t\t<\/div>\n\t\t\t\t\t\t\t<\/li>\n\t\t\t\t\t<li class=\"payment_method_invoice\">\n\t\t\t\t<label>Fatura<\/label>\n\t\t\t\t\t\t\t\t\t<div class=\"payment_box payment_method_invoice\">\n\t\t\t\t\t\t<p>Sipari\u015finizi verdikten sonra bizden bir fatura alacaks\u0131n\u0131z. L\u00fctfen toplam tutar\u0131 14 g\u00fcn i\u00e7inde burada belirtilen hesaba havale edin.<\/p>\n\t\t\t\t\t<\/div>\n\t\t\t\t\t\t\t<\/li>\n\t\t\t<\/ul>\n<\/div>","protected":false},"excerpt":{"rendered":"","protected":false},"author":1,"featured_media":0,"parent":0,"menu_order":0,"comment_status":"closed","ping_status":"closed","template":"","meta":{"footnotes":""},"class_list":["post-2264","page","type-page","status-publish","hentry"],"_links":{"self":[{"href":"https:\/\/bambini-box.de\/tr\/wp-json\/wp\/v2\/pages\/2264","targetHints":{"allow":["GET"]}}],"collection":[{"href":"https:\/\/bambini-box.de\/tr\/wp-json\/wp\/v2\/pages"}],"about":[{"href":"https:\/\/bambini-box.de\/tr\/wp-json\/wp\/v2\/types\/page"}],"author":[{"embeddable":true,"href":"https:\/\/bambini-box.de\/tr\/wp-json\/wp\/v2\/users\/1"}],"replies":[{"embeddable":true,"href":"https:\/\/bambini-box.de\/tr\/wp-json\/wp\/v2\/comments?post=2264"}],"version-history":[{"count":0,"href":"https:\/\/bambini-box.de\/tr\/wp-json\/wp\/v2\/pages\/2264\/revisions"}],"wp:attachment":[{"href":"https:\/\/bambini-box.de\/tr\/wp-json\/wp\/v2\/media?parent=2264"}],"curies":[{"name":"wp","href":"https:\/\/api.w.org\/{rel}","templated":true}]}}