{"id":4398,"date":"2020-10-03T16:25:00","date_gmt":"2020-10-03T16:25:00","guid":{"rendered":"https:\/\/bambini-box.de\/?post_type=product&#038;p=4398"},"modified":"2023-08-10T00:00:46","modified_gmt":"2023-08-10T00:00:46","slug":"bambini-boxen-set-ii-halloween-ohne-getraenk","status":"publish","type":"product","link":"https:\/\/bambini-box.de\/tr\/urun\/bambini-boxen-set-ii-halloween-ohne-getraenk\/","title":{"rendered":"Bambini Box Set II - CADI BAYRAMI - \u0130\u00c7K\u0130S\u0130Z"},"content":{"rendered":"<ul>\n<li>(Ma\u00dfe Bambini-Box: 205 x 135 x 120mm, Ma\u00dfe Snackbox: 130 x 95 x 60mm)<\/li>\n<li>zwei designte Boxen (Lunch- und Snackbox) mit Geschenk, Luftballon und Mini-Dauerlutscher<\/li>\n<li>Circa 50% der Geschenke sind f\u00fcr M\u00e4dchen und 50% f\u00fcr Jungs geeignet, einige Spielzeuge sind dem Halloween Thema gewidmet und Unisex<\/li>\n<li>Werten Sie Ihr gastronomisches Angebot auf und steigern Ihren Gewinn<\/li>\n<li>Eigenst\u00e4ndiges Angebot f\u00fcr z.B. Kindergeburtstage, Events, Aktionen etc.<\/li>\n<li>Kinder verbinden das gute Essen Ihres Restaurants mit Spielspa\u00df und einem positiven Erlebnis<\/li>\n<li>zzgl. 2 Plakate f\u00fcr die Bewerbung der Bambini-Box mit individueller Preisgestaltung!<\/li>\n<li>mindestens 2 wechselnde Motive pro Jahr<\/li>\n<li>F\u00fcllen Sie die Snackbox mit Ihren leckeren Burgern, D\u00f6ner-Fleisch, Pommes-Frites, Chicken-Nuggets, Salaten, Obst, Gem\u00fcse, oder Quarkb\u00e4llchen, Spekulatius, Nussecken, Muffins etc.<\/li>\n<li>Die Lebensmittelbox wurde aus Frischfaserpapier nach INREKA Zertifizierungsstandard hergestellt.<\/li>\n<li>Der angegebene Preis enth\u00e4lt keine Entsorgungskosten.<\/li>\n<\/ul>","protected":false},"excerpt":{"rendered":"<p><strong>Kinder-Men\u00fcbox (Lunchbox, Snackbox) mit Geschenk, Luftballon und Mini-Dauerlutscher &#8211; ohne Getr\u00e4nk (Familien)<\/strong><\/p>","protected":false},"featured_media":4938,"template":"","meta":[],"product_brand":[],"product_cat":[42],"product_tag":[],"class_list":{"0":"post-4398","1":"product","2":"type-product","3":"status-publish","4":"has-post-thumbnail","6":"product_cat-boxen-sets","8":"first","9":"instock","10":"taxable","11":"shipping-taxable","12":"purchasable","13":"product-type-simple"},"_links":{"self":[{"href":"https:\/\/bambini-box.de\/tr\/wp-json\/wp\/v2\/product\/4398","targetHints":{"allow":["GET"]}}],"collection":[{"href":"https:\/\/bambini-box.de\/tr\/wp-json\/wp\/v2\/product"}],"about":[{"href":"https:\/\/bambini-box.de\/tr\/wp-json\/wp\/v2\/types\/product"}],"version-history":[{"count":5,"href":"https:\/\/bambini-box.de\/tr\/wp-json\/wp\/v2\/product\/4398\/revisions"}],"predecessor-version":[{"id":4931,"href":"https:\/\/bambini-box.de\/tr\/wp-json\/wp\/v2\/product\/4398\/revisions\/4931"}],"wp:featuredmedia":[{"embeddable":true,"href":"https:\/\/bambini-box.de\/tr\/wp-json\/wp\/v2\/media\/4938"}],"wp:attachment":[{"href":"https:\/\/bambini-box.de\/tr\/wp-json\/wp\/v2\/media?parent=4398"}],"wp:term":[{"taxonomy":"product_brand","embeddable":true,"href":"https:\/\/bambini-box.de\/tr\/wp-json\/wp\/v2\/product_brand?post=4398"},{"taxonomy":"product_cat","embeddable":true,"href":"https:\/\/bambini-box.de\/tr\/wp-json\/wp\/v2\/product_cat?post=4398"},{"taxonomy":"product_tag","embeddable":true,"href":"https:\/\/bambini-box.de\/tr\/wp-json\/wp\/v2\/product_tag?post=4398"}],"curies":[{"name":"wp","href":"https:\/\/api.w.org\/{rel}","templated":true}]}}