{"id":4514,"date":"2021-02-16T16:14:11","date_gmt":"2021-02-16T16:14:11","guid":{"rendered":"https:\/\/bambini-box.de\/?post_type=product&#038;p=4514"},"modified":"2023-05-24T18:18:44","modified_gmt":"2023-05-24T18:18:44","slug":"spielzeugbeutel","status":"publish","type":"product","link":"https:\/\/bambini-box.de\/tr\/urun\/spielzeugbeutel\/","title":{"rendered":"Bambini oyuncak \u00e7antas\u0131"},"content":{"rendered":"<ul>\n<li>Spielzeugbeutel mit 30 Spielzeugen als spannendes und kosteng\u00fcnstiges Give-Aways f\u00fcr die Kinder und verl\u00e4ngert den Einsatz der Bambini-Box<\/li>\n<li>Mix aus Spielzeugen wie Zahntiere, aufziehbare Autos, Stempel, Frosch, Kaleidoskope, Gekkos, Flummi-Tiere<\/li>\n<li>beschenken Sie die wartenden Kinder mit einer kleinen Aufmerksamkeit, die Eltern danken es Ihnen!<\/li>\n<li>Werten Sie Ihr gastronomisches Angebot auf und steigern Ihren Gewinn<\/li>\n<li>Kinder verbinden den Besuch in Ihrem Restaurant mit Spielspa\u00df, einer \u00dcberraschung und einem positiven Erlebnis<\/li>\n<li>Der angegebene Preis enth\u00e4lt keine Entsorgungskosten.<\/li>\n<\/ul>","protected":false},"excerpt":{"rendered":"<p>Mix aus Spielzeugen wie Zahntiere, aufziehbare Autos, Stempel, Frosch, Metall, R\u00e4tsel, Gekkos, Geduldsspiel, Puppen, Quads<\/p>","protected":false},"featured_media":4638,"template":"","meta":[],"product_brand":[],"product_cat":[56],"product_tag":[],"class_list":{"0":"post-4514","1":"product","2":"type-product","3":"status-publish","4":"has-post-thumbnail","6":"product_cat-spielzeuge","8":"first","9":"instock","10":"taxable","11":"shipping-taxable","12":"purchasable","13":"product-type-simple"},"_links":{"self":[{"href":"https:\/\/bambini-box.de\/tr\/wp-json\/wp\/v2\/product\/4514","targetHints":{"allow":["GET"]}}],"collection":[{"href":"https:\/\/bambini-box.de\/tr\/wp-json\/wp\/v2\/product"}],"about":[{"href":"https:\/\/bambini-box.de\/tr\/wp-json\/wp\/v2\/types\/product"}],"version-history":[{"count":5,"href":"https:\/\/bambini-box.de\/tr\/wp-json\/wp\/v2\/product\/4514\/revisions"}],"predecessor-version":[{"id":4932,"href":"https:\/\/bambini-box.de\/tr\/wp-json\/wp\/v2\/product\/4514\/revisions\/4932"}],"wp:featuredmedia":[{"embeddable":true,"href":"https:\/\/bambini-box.de\/tr\/wp-json\/wp\/v2\/media\/4638"}],"wp:attachment":[{"href":"https:\/\/bambini-box.de\/tr\/wp-json\/wp\/v2\/media?parent=4514"}],"wp:term":[{"taxonomy":"product_brand","embeddable":true,"href":"https:\/\/bambini-box.de\/tr\/wp-json\/wp\/v2\/product_brand?post=4514"},{"taxonomy":"product_cat","embeddable":true,"href":"https:\/\/bambini-box.de\/tr\/wp-json\/wp\/v2\/product_cat?post=4514"},{"taxonomy":"product_tag","embeddable":true,"href":"https:\/\/bambini-box.de\/tr\/wp-json\/wp\/v2\/product_tag?post=4514"}],"curies":[{"name":"wp","href":"https:\/\/api.w.org\/{rel}","templated":true}]}}