{"id":4537,"date":"2021-04-05T14:00:44","date_gmt":"2021-04-05T14:00:44","guid":{"rendered":"https:\/\/bambini-box.de\/?post_type=product&#038;p=4537"},"modified":"2022-05-19T15:09:13","modified_gmt":"2022-05-19T15:09:13","slug":"bambini-boxen-set-iii-mit-getraenk","status":"publish","type":"product","link":"https:\/\/bambini-box.de\/tr\/urun\/bambini-boxen-set-iii-mit-getraenk\/","title":{"rendered":"Bambini-Boxen Set III &#8211; MIT GETR\u00c4NK"},"content":{"rendered":"<p>&nbsp;<\/p>\n<ul>\n<li>(Ma\u00dfe Bambini-Box: 205 x 135 x 120mm, Ma\u00dfe Snackbox: 130 x 95 x 60mm)<\/li>\n<li>Vollst\u00e4ndige Men\u00fcbox mit Spielzeug, Luftballon, Getr\u00e4nk (FruchtTiger, 0,25l) &amp; handgemachte designte Mini-Dauerlutscher (mit Papierstiel, 30% zuckerreduziert) (0,25 Euro Pfand je Flasche, Rechnung dazu erfolgt gesondert)<\/li>\n<li>Circa 50% der Spielzeuge sind f\u00fcr M\u00e4dchen und 50% f\u00fcr Jungs geeignet, einige sind Unisex und wechseln regelm\u00e4\u00dfig<\/li>\n<li>Werten Sie Ihr gastronomisches Angebot auf und steigern Ihren Gewinn<\/li>\n<li>Eigenst\u00e4ndiges Angebot f\u00fcr z.B. Kindergeburtstage, Events, Aktionen etc.<\/li>\n<li>Kinder verbinden das gute Essen Ihres Restaurants mit Spielspa\u00df und einem positiven Erlebnis<\/li>\n<li>zzgl. 2 Plakate f\u00fcr die Bewerbung der Bambini-Box mit individueller Preisgestaltung!<\/li>\n<li>zzgl. 10 Malb\u00fccher mit den Motiven der Bambini-Box Sommerwiese<\/li>\n<li>mindestens 2 wechselnde Motive pro Jahr<\/li>\n<li>F\u00fcllen Sie die Snackbox mit Ihren leckeren Burgern, D\u00f6ner-Fleisch, Pommes-Frites, Chicken-Nuggets, Salaten, Obst, Gem\u00fcse, oder Quarkb\u00e4llchen, Spekulatius, Nussecken, Muffins etc.<\/li>\n<li>Die Lebensmittelbox wurde nach INREKA Zertifizierungsstandard hergestellt.<\/li>\n<li>Der angegebene Preis enth\u00e4lt keine Entsorgungskosten.<\/li>\n<\/ul>\n<p>&nbsp;<\/p>","protected":false},"excerpt":{"rendered":"<p>Vollst\u00e4ndige Men\u00fcbox mit Spielzeug, bedrucktem Luftballon, Getr\u00e4nk und Mini-Dauerlutscher<\/p>","protected":false},"featured_media":4547,"template":"","meta":[],"product_brand":[],"product_cat":[42],"product_tag":[43,44],"class_list":{"0":"post-4537","1":"product","2":"type-product","3":"status-publish","4":"has-post-thumbnail","6":"product_cat-boxen-sets","7":"product_tag-bambini-box","8":"product_tag-boxen-sets","10":"first","11":"instock","12":"taxable","13":"shipping-taxable","14":"purchasable","15":"product-type-simple"},"_links":{"self":[{"href":"https:\/\/bambini-box.de\/tr\/wp-json\/wp\/v2\/product\/4537","targetHints":{"allow":["GET"]}}],"collection":[{"href":"https:\/\/bambini-box.de\/tr\/wp-json\/wp\/v2\/product"}],"about":[{"href":"https:\/\/bambini-box.de\/tr\/wp-json\/wp\/v2\/types\/product"}],"version-history":[{"count":6,"href":"https:\/\/bambini-box.de\/tr\/wp-json\/wp\/v2\/product\/4537\/revisions"}],"predecessor-version":[{"id":4805,"href":"https:\/\/bambini-box.de\/tr\/wp-json\/wp\/v2\/product\/4537\/revisions\/4805"}],"wp:featuredmedia":[{"embeddable":true,"href":"https:\/\/bambini-box.de\/tr\/wp-json\/wp\/v2\/media\/4547"}],"wp:attachment":[{"href":"https:\/\/bambini-box.de\/tr\/wp-json\/wp\/v2\/media?parent=4537"}],"wp:term":[{"taxonomy":"product_brand","embeddable":true,"href":"https:\/\/bambini-box.de\/tr\/wp-json\/wp\/v2\/product_brand?post=4537"},{"taxonomy":"product_cat","embeddable":true,"href":"https:\/\/bambini-box.de\/tr\/wp-json\/wp\/v2\/product_cat?post=4537"},{"taxonomy":"product_tag","embeddable":true,"href":"https:\/\/bambini-box.de\/tr\/wp-json\/wp\/v2\/product_tag?post=4537"}],"curies":[{"name":"wp","href":"https:\/\/api.w.org\/{rel}","templated":true}]}}