{"id":4552,"date":"2021-04-05T14:15:01","date_gmt":"2021-04-05T14:15:01","guid":{"rendered":"https:\/\/bambini-box.de\/?post_type=product&#038;p=4552"},"modified":"2022-04-21T11:39:47","modified_gmt":"2022-04-21T11:39:47","slug":"bambini-boxen-set-iv-ohne-getraenk-kopie","status":"publish","type":"product","link":"https:\/\/bambini-box.de\/tr\/urun\/bambini-boxen-set-iv-ohne-getraenk-kopie\/","title":{"rendered":"Bambini-Boxen Set IV &#8211; OHNE GETR\u00c4NK"},"content":{"rendered":"<ul>\n<li>(Ma\u00dfe Bambini-Box: 205 x 135 x 120mm, Ma\u00dfe Snackbox: 130 x 95 x 60mm)<\/li>\n<li>Vollst\u00e4ndige Men\u00fcbox mit Geschenk, Luftballon &amp; Mini-Dauerlutscher (mit Papierstiel, 30% zuckerreduziert)<\/li>\n<li>Circa 50% der Geschenke sind f\u00fcr M\u00e4dchen und 50% f\u00fcr Jungs geeignet, einige sind Unisex und wechseln regelm\u00e4\u00dfig<\/li>\n<li>Werten Sie Ihr gastronomisches Angebot auf und steigern Ihren Gewinn<\/li>\n<li>Eigenst\u00e4ndiges Angebot f\u00fcr z.B. Kindergeburtstage, Events, Aktionen etc.<\/li>\n<li>Kinder verbinden das gute Essen Ihres Restaurants mit Spielspa\u00df und einem positiven Erlebnis<\/li>\n<li>zzgl. 2 Plakate f\u00fcr die Bewerbung der Bambini-Box mit individueller Preisgestaltung!<\/li>\n<li>zzgl. 10 Malb\u00fccher mit den Motiven der Bambini-Box<\/li>\n<li>mindestens 2 wechselnde Motive pro Jahr<\/li>\n<li>F\u00fcllen Sie die Snackbox mit Ihren leckeren Burgern, D\u00f6ner-Fleisch, Pommes-Frites, Chicken-Nuggets, Salaten, Obst, Gem\u00fcse, oder Quarkb\u00e4llchen, Spekulatius, Nussecken, Muffins etc.<\/li>\n<li>Die Lebensmittelbox wurde nach INREKA Zertifizierungsstandard hergestellt.<\/li>\n<li>Der angegebene Preis enth\u00e4lt keine Entsorgungskosten.<\/li>\n<\/ul>","protected":false},"excerpt":{"rendered":"<p>Men\u00fcbox mit Geschenk, bedrucktem Luftballon und Mini-Dauerlutscher &#8211; ohne Getr\u00e4nk<\/p>","protected":false},"featured_media":4538,"template":"","meta":[],"product_brand":[],"product_cat":[42],"product_tag":[43,44],"class_list":{"0":"post-4552","1":"product","2":"type-product","3":"status-publish","4":"has-post-thumbnail","6":"product_cat-boxen-sets","7":"product_tag-bambini-box","8":"product_tag-boxen-sets","10":"first","11":"instock","12":"taxable","13":"shipping-taxable","14":"purchasable","15":"product-type-simple"},"_links":{"self":[{"href":"https:\/\/bambini-box.de\/tr\/wp-json\/wp\/v2\/product\/4552","targetHints":{"allow":["GET"]}}],"collection":[{"href":"https:\/\/bambini-box.de\/tr\/wp-json\/wp\/v2\/product"}],"about":[{"href":"https:\/\/bambini-box.de\/tr\/wp-json\/wp\/v2\/types\/product"}],"version-history":[{"count":2,"href":"https:\/\/bambini-box.de\/tr\/wp-json\/wp\/v2\/product\/4552\/revisions"}],"predecessor-version":[{"id":4554,"href":"https:\/\/bambini-box.de\/tr\/wp-json\/wp\/v2\/product\/4552\/revisions\/4554"}],"wp:featuredmedia":[{"embeddable":true,"href":"https:\/\/bambini-box.de\/tr\/wp-json\/wp\/v2\/media\/4538"}],"wp:attachment":[{"href":"https:\/\/bambini-box.de\/tr\/wp-json\/wp\/v2\/media?parent=4552"}],"wp:term":[{"taxonomy":"product_brand","embeddable":true,"href":"https:\/\/bambini-box.de\/tr\/wp-json\/wp\/v2\/product_brand?post=4552"},{"taxonomy":"product_cat","embeddable":true,"href":"https:\/\/bambini-box.de\/tr\/wp-json\/wp\/v2\/product_cat?post=4552"},{"taxonomy":"product_tag","embeddable":true,"href":"https:\/\/bambini-box.de\/tr\/wp-json\/wp\/v2\/product_tag?post=4552"}],"curies":[{"name":"wp","href":"https:\/\/api.w.org\/{rel}","templated":true}]}}